{"id":35,"date":"2014-12-17T02:50:31","date_gmt":"2014-12-17T02:50:31","guid":{"rendered":"https:\/\/platino-davidferrer.com\/?page_id=35"},"modified":"2015-06-05T07:33:49","modified_gmt":"2015-06-05T07:33:49","slug":"videos","status":"publish","type":"page","link":"https:\/\/platino-davidferrer.com\/?page_id=35","title":{"rendered":"Videos"},"content":{"rendered":"<p>This page is under construction!<\/p>\n<p>They are our video!<\/p>\n<p><strong>Campe\u00f3n, David Ferrer !!!<br \/>\nFeliz cumplea\u00f1os 33 a\u00f1os!<\/p>\n<p><iframe loading=\"lazy\" width=\"560\" height=\"315\" src=\"\/\/www.youtube.com\/embed\/TVsXkSc9WBk?rel=0\" frameborder=\"0\" allowfullscreen><\/iframe><\/p>\n<p style=\"margin-bottom:3em;\">\n<p><strong>Feliz cumplea\u00f1os 32 a\u00f1os!<\/strong><\/p>\n<p><iframe loading=\"lazy\" width=\"560\" height=\"315\" src=\"\/\/www.youtube.com\/embed\/yltNNZlKGBA?rel=0\" frameborder=\"0\" allowfullscreen><\/iframe><\/p>\n","protected":false},"excerpt":{"rendered":"<p>This page is under construction! They are our video! Campe\u00f3n, David Ferrer !!! Feliz cumplea\u00f1os 33 a\u00f1os! Feliz [&hellip;]<\/p>\n","protected":false},"author":1,"featured_media":0,"parent":0,"menu_order":0,"comment_status":"open","ping_status":"closed","template":"","meta":{"footnotes":""},"class_list":["post-35","page","type-page","status-publish","czr-hentry"],"aioseo_notices":[],"_links":{"self":[{"href":"https:\/\/platino-davidferrer.com\/index.php?rest_route=\/wp\/v2\/pages\/35","targetHints":{"allow":["GET"]}}],"collection":[{"href":"https:\/\/platino-davidferrer.com\/index.php?rest_route=\/wp\/v2\/pages"}],"about":[{"href":"https:\/\/platino-davidferrer.com\/index.php?rest_route=\/wp\/v2\/types\/page"}],"author":[{"embeddable":true,"href":"https:\/\/platino-davidferrer.com\/index.php?rest_route=\/wp\/v2\/users\/1"}],"replies":[{"embeddable":true,"href":"https:\/\/platino-davidferrer.com\/index.php?rest_route=%2Fwp%2Fv2%2Fcomments&post=35"}],"version-history":[{"count":0,"href":"https:\/\/platino-davidferrer.com\/index.php?rest_route=\/wp\/v2\/pages\/35\/revisions"}],"wp:attachment":[{"href":"https:\/\/platino-davidferrer.com\/index.php?rest_route=%2Fwp%2Fv2%2Fmedia&parent=35"}],"curies":[{"name":"wp","href":"https:\/\/api.w.org\/{rel}","templated":true}]}}